{"id":1381,"date":"2023-06-24T19:35:41","date_gmt":"2023-06-24T17:35:41","guid":{"rendered":"https:\/\/azdourtour.com\/?page_id=1381"},"modified":"2025-02-26T14:53:52","modified_gmt":"2025-02-26T14:53:52","slug":"why-choose-us","status":"publish","type":"page","link":"https:\/\/mountainsaharatreks.com\/fr\/why-choose-us\/","title":{"rendered":"Why choose us?"},"content":{"rendered":"<h3>Pourquoi choisir MountainSaharaTreks ?<\/h3>\n<p><span style=\"color: #000000;\">Prix honn\u00eates \u2013 Nous offrons les meilleurs prix pour les excursions, et une grande s\u00e9lection de destinations qui ne laissera indiff\u00e9rent m\u00eame le touriste le plus passionn\u00e9.<\/span><\/p>\n<p><span style=\"color: #000000;\">Partenaires fiables \u2013 Nous travaillons avec les meilleurs voyagistes qui, au fil des ans, ont prouv\u00e9 leur professionnalisme.<\/span><\/p>\n<p><span style=\"color: #000000;\">Support complet \u2013 En nous contactant, vous b\u00e9n\u00e9ficiez d&rsquo;un support complet, de la s\u00e9lection de l&rsquo;excursion jusqu&rsquo;aux conseils sur ce qu&rsquo;il faut emporter pour votre voyage.<\/span><\/p>\n<p><span style=\"color: #000000;\">Confiance \u2013 Nous sommes une agence de voyages agr\u00e9\u00e9e enregistr\u00e9e aupr\u00e8s du Minist\u00e8re du Tourisme. Nous avons l&rsquo;obligation de respecter les r\u00e8gles, de faire face \u00e0 la surveillance et d&rsquo;\u00eatre responsables de tout ce que nous faisons, tout en maintenant un haut niveau de normes et de pratiques. De plus, tous les d\u00e9p\u00f4ts de voyage sont plac\u00e9s dans un compte de fiducie et prot\u00e9g\u00e9s pour votre s\u00e9curit\u00e9.<\/span><\/p>\n","protected":false},"excerpt":{"rendered":"<p>Pourquoi choisir MountainSaharaTreks ? Prix honn\u00eates \u2013 Nous offrons les meilleurs prix pour les excursions, et une grande s\u00e9lection de destinations qui ne laissera indiff\u00e9rent m\u00eame le touriste le plus passionn\u00e9. Partenaires fiables \u2013 Nous travaillons avec les meilleurs voyagistes qui, au fil des ans, ont prouv\u00e9 leur professionnalisme. Support complet \u2013 En nous contactant, [&hellip;]<\/p>\n","protected":false},"author":1,"featured_media":1386,"parent":0,"menu_order":0,"comment_status":"closed","ping_status":"closed","template":"","meta":{"ngg_post_thumbnail":0,"two_page_speed":[],"footnotes":""},"class_list":["post-1381","page","type-page","status-publish","has-post-thumbnail","hentry"],"yoast_head":"<!-- This site is optimized with the Yoast SEO plugin v27.5 - https:\/\/yoast.com\/product\/yoast-seo-wordpress\/ -->\n<title>Why choose us? | Mountain sahara treks<\/title>\n<meta name=\"robots\" content=\"index, follow, max-snippet:-1, max-image-preview:large, max-video-preview:-1\" \/>\n<link rel=\"canonical\" href=\"https:\/\/mountainsaharatreks.com\/fr\/why-choose-us\/\" \/>\n<meta property=\"og:locale\" content=\"fr_FR\" \/>\n<meta property=\"og:type\" content=\"article\" \/>\n<meta property=\"og:title\" content=\"Why choose us? | Mountain sahara treks\" \/>\n<meta property=\"og:description\" content=\"Pourquoi choisir MountainSaharaTreks ? Prix honn\u00eates \u2013 Nous offrons les meilleurs prix pour les excursions, et une grande s\u00e9lection de destinations qui ne laissera indiff\u00e9rent m\u00eame le touriste le plus passionn\u00e9. Partenaires fiables \u2013 Nous travaillons avec les meilleurs voyagistes qui, au fil des ans, ont prouv\u00e9 leur professionnalisme. Support complet \u2013 En nous contactant, [&hellip;]\" \/>\n<meta property=\"og:url\" content=\"https:\/\/mountainsaharatreks.com\/fr\/why-choose-us\/\" \/>\n<meta property=\"og:site_name\" content=\"Mountain sahara treks\" \/>\n<meta property=\"article:publisher\" content=\"https:\/\/web.facebook.com\/mountainsaharatreks\" \/>\n<meta property=\"article:modified_time\" content=\"2025-02-26T14:53:52+00:00\" \/>\n<meta property=\"og:image\" content=\"https:\/\/mountainsaharatreks.com\/fr\/wp-content\/uploads\/2023\/06\/WhatsApp-Image-2023-06-24-at-19.21.49.jpeg\" \/>\n\t<meta property=\"og:image:width\" content=\"1280\" \/>\n\t<meta property=\"og:image:height\" content=\"853\" \/>\n\t<meta property=\"og:image:type\" content=\"image\/jpeg\" \/>\n<meta name=\"twitter:card\" content=\"summary_large_image\" \/>\n<meta name=\"twitter:label1\" content=\"Dur\u00e9e de lecture estim\u00e9e\" \/>\n\t<meta name=\"twitter:data1\" content=\"1 minute\" \/>\n<script type=\"application\/ld+json\" class=\"yoast-schema-graph\">{\"@context\":\"https:\\\/\\\/schema.org\",\"@graph\":[{\"@type\":\"WebPage\",\"@id\":\"https:\\\/\\\/mountainsaharatreks.com\\\/fr\\\/why-choose-us\\\/\",\"url\":\"https:\\\/\\\/mountainsaharatreks.com\\\/fr\\\/why-choose-us\\\/\",\"name\":\"Why choose us? | Mountain sahara treks\",\"isPartOf\":{\"@id\":\"https:\\\/\\\/mountainsaharatreks.com\\\/fr\\\/#website\"},\"primaryImageOfPage\":{\"@id\":\"https:\\\/\\\/mountainsaharatreks.com\\\/fr\\\/why-choose-us\\\/#primaryimage\"},\"image\":{\"@id\":\"https:\\\/\\\/mountainsaharatreks.com\\\/fr\\\/why-choose-us\\\/#primaryimage\"},\"thumbnailUrl\":\"https:\\\/\\\/mountainsaharatreks.com\\\/fr\\\/wp-content\\\/uploads\\\/2023\\\/06\\\/WhatsApp-Image-2023-06-24-at-19.21.49.jpeg\",\"datePublished\":\"2023-06-24T17:35:41+00:00\",\"dateModified\":\"2025-02-26T14:53:52+00:00\",\"breadcrumb\":{\"@id\":\"https:\\\/\\\/mountainsaharatreks.com\\\/fr\\\/why-choose-us\\\/#breadcrumb\"},\"inLanguage\":\"fr-FR\",\"potentialAction\":[{\"@type\":\"ReadAction\",\"target\":[\"https:\\\/\\\/mountainsaharatreks.com\\\/fr\\\/why-choose-us\\\/\"]}]},{\"@type\":\"ImageObject\",\"inLanguage\":\"fr-FR\",\"@id\":\"https:\\\/\\\/mountainsaharatreks.com\\\/fr\\\/why-choose-us\\\/#primaryimage\",\"url\":\"https:\\\/\\\/mountainsaharatreks.com\\\/fr\\\/wp-content\\\/uploads\\\/2023\\\/06\\\/WhatsApp-Image-2023-06-24-at-19.21.49.jpeg\",\"contentUrl\":\"https:\\\/\\\/mountainsaharatreks.com\\\/fr\\\/wp-content\\\/uploads\\\/2023\\\/06\\\/WhatsApp-Image-2023-06-24-at-19.21.49.jpeg\",\"width\":1280,\"height\":853},{\"@type\":\"BreadcrumbList\",\"@id\":\"https:\\\/\\\/mountainsaharatreks.com\\\/fr\\\/why-choose-us\\\/#breadcrumb\",\"itemListElement\":[{\"@type\":\"ListItem\",\"position\":1,\"name\":\"Accueil\",\"item\":\"https:\\\/\\\/mountainsaharatreks.com\\\/fr\\\/\"},{\"@type\":\"ListItem\",\"position\":2,\"name\":\"Why choose us?\"}]},{\"@type\":\"WebSite\",\"@id\":\"https:\\\/\\\/mountainsaharatreks.com\\\/fr\\\/#website\",\"url\":\"https:\\\/\\\/mountainsaharatreks.com\\\/fr\\\/\",\"name\":\"Mountain Sahara Treks\",\"description\":\"Trekking au Maroc\",\"publisher\":{\"@id\":\"https:\\\/\\\/mountainsaharatreks.com\\\/fr\\\/#organization\"},\"potentialAction\":[{\"@type\":\"SearchAction\",\"target\":{\"@type\":\"EntryPoint\",\"urlTemplate\":\"https:\\\/\\\/mountainsaharatreks.com\\\/fr\\\/?s={search_term_string}\"},\"query-input\":{\"@type\":\"PropertyValueSpecification\",\"valueRequired\":true,\"valueName\":\"search_term_string\"}}],\"inLanguage\":\"fr-FR\"},{\"@type\":\"Organization\",\"@id\":\"https:\\\/\\\/mountainsaharatreks.com\\\/fr\\\/#organization\",\"name\":\"MountainSaharaTreks\",\"url\":\"https:\\\/\\\/mountainsaharatreks.com\\\/fr\\\/\",\"logo\":{\"@type\":\"ImageObject\",\"inLanguage\":\"fr-FR\",\"@id\":\"https:\\\/\\\/mountainsaharatreks.com\\\/fr\\\/#\\\/schema\\\/logo\\\/image\\\/\",\"url\":\"https:\\\/\\\/mountainsaharatreks.com\\\/fr\\\/wp-content\\\/uploads\\\/2020\\\/11\\\/cropped-cropped-cropped-logo-mount-deflt-1.png\",\"contentUrl\":\"https:\\\/\\\/mountainsaharatreks.com\\\/fr\\\/wp-content\\\/uploads\\\/2020\\\/11\\\/cropped-cropped-cropped-logo-mount-deflt-1.png\",\"width\":168,\"height\":100,\"caption\":\"MountainSaharaTreks\"},\"image\":{\"@id\":\"https:\\\/\\\/mountainsaharatreks.com\\\/fr\\\/#\\\/schema\\\/logo\\\/image\\\/\"},\"sameAs\":[\"https:\\\/\\\/web.facebook.com\\\/mountainsaharatreks\"]}]}<\/script>\n<!-- \/ Yoast SEO plugin. -->","yoast_head_json":{"title":"Why choose us? | Mountain sahara treks","robots":{"index":"index","follow":"follow","max-snippet":"max-snippet:-1","max-image-preview":"max-image-preview:large","max-video-preview":"max-video-preview:-1"},"canonical":"https:\/\/mountainsaharatreks.com\/fr\/why-choose-us\/","og_locale":"fr_FR","og_type":"article","og_title":"Why choose us? | Mountain sahara treks","og_description":"Pourquoi choisir MountainSaharaTreks ? Prix honn\u00eates \u2013 Nous offrons les meilleurs prix pour les excursions, et une grande s\u00e9lection de destinations qui ne laissera indiff\u00e9rent m\u00eame le touriste le plus passionn\u00e9. Partenaires fiables \u2013 Nous travaillons avec les meilleurs voyagistes qui, au fil des ans, ont prouv\u00e9 leur professionnalisme. Support complet \u2013 En nous contactant, [&hellip;]","og_url":"https:\/\/mountainsaharatreks.com\/fr\/why-choose-us\/","og_site_name":"Mountain sahara treks","article_publisher":"https:\/\/web.facebook.com\/mountainsaharatreks","article_modified_time":"2025-02-26T14:53:52+00:00","og_image":[{"width":1280,"height":853,"url":"https:\/\/mountainsaharatreks.com\/fr\/wp-content\/uploads\/2023\/06\/WhatsApp-Image-2023-06-24-at-19.21.49.jpeg","type":"image\/jpeg"}],"twitter_card":"summary_large_image","twitter_misc":{"Dur\u00e9e de lecture estim\u00e9e":"1 minute"},"schema":{"@context":"https:\/\/schema.org","@graph":[{"@type":"WebPage","@id":"https:\/\/mountainsaharatreks.com\/fr\/why-choose-us\/","url":"https:\/\/mountainsaharatreks.com\/fr\/why-choose-us\/","name":"Why choose us? | Mountain sahara treks","isPartOf":{"@id":"https:\/\/mountainsaharatreks.com\/fr\/#website"},"primaryImageOfPage":{"@id":"https:\/\/mountainsaharatreks.com\/fr\/why-choose-us\/#primaryimage"},"image":{"@id":"https:\/\/mountainsaharatreks.com\/fr\/why-choose-us\/#primaryimage"},"thumbnailUrl":"https:\/\/mountainsaharatreks.com\/fr\/wp-content\/uploads\/2023\/06\/WhatsApp-Image-2023-06-24-at-19.21.49.jpeg","datePublished":"2023-06-24T17:35:41+00:00","dateModified":"2025-02-26T14:53:52+00:00","breadcrumb":{"@id":"https:\/\/mountainsaharatreks.com\/fr\/why-choose-us\/#breadcrumb"},"inLanguage":"fr-FR","potentialAction":[{"@type":"ReadAction","target":["https:\/\/mountainsaharatreks.com\/fr\/why-choose-us\/"]}]},{"@type":"ImageObject","inLanguage":"fr-FR","@id":"https:\/\/mountainsaharatreks.com\/fr\/why-choose-us\/#primaryimage","url":"https:\/\/mountainsaharatreks.com\/fr\/wp-content\/uploads\/2023\/06\/WhatsApp-Image-2023-06-24-at-19.21.49.jpeg","contentUrl":"https:\/\/mountainsaharatreks.com\/fr\/wp-content\/uploads\/2023\/06\/WhatsApp-Image-2023-06-24-at-19.21.49.jpeg","width":1280,"height":853},{"@type":"BreadcrumbList","@id":"https:\/\/mountainsaharatreks.com\/fr\/why-choose-us\/#breadcrumb","itemListElement":[{"@type":"ListItem","position":1,"name":"Accueil","item":"https:\/\/mountainsaharatreks.com\/fr\/"},{"@type":"ListItem","position":2,"name":"Why choose us?"}]},{"@type":"WebSite","@id":"https:\/\/mountainsaharatreks.com\/fr\/#website","url":"https:\/\/mountainsaharatreks.com\/fr\/","name":"Mountain Sahara Treks","description":"Trekking au Maroc","publisher":{"@id":"https:\/\/mountainsaharatreks.com\/fr\/#organization"},"potentialAction":[{"@type":"SearchAction","target":{"@type":"EntryPoint","urlTemplate":"https:\/\/mountainsaharatreks.com\/fr\/?s={search_term_string}"},"query-input":{"@type":"PropertyValueSpecification","valueRequired":true,"valueName":"search_term_string"}}],"inLanguage":"fr-FR"},{"@type":"Organization","@id":"https:\/\/mountainsaharatreks.com\/fr\/#organization","name":"MountainSaharaTreks","url":"https:\/\/mountainsaharatreks.com\/fr\/","logo":{"@type":"ImageObject","inLanguage":"fr-FR","@id":"https:\/\/mountainsaharatreks.com\/fr\/#\/schema\/logo\/image\/","url":"https:\/\/mountainsaharatreks.com\/fr\/wp-content\/uploads\/2020\/11\/cropped-cropped-cropped-logo-mount-deflt-1.png","contentUrl":"https:\/\/mountainsaharatreks.com\/fr\/wp-content\/uploads\/2020\/11\/cropped-cropped-cropped-logo-mount-deflt-1.png","width":168,"height":100,"caption":"MountainSaharaTreks"},"image":{"@id":"https:\/\/mountainsaharatreks.com\/fr\/#\/schema\/logo\/image\/"},"sameAs":["https:\/\/web.facebook.com\/mountainsaharatreks"]}]}},"_links":{"self":[{"href":"https:\/\/mountainsaharatreks.com\/fr\/wp-json\/wp\/v2\/pages\/1381","targetHints":{"allow":["GET"]}}],"collection":[{"href":"https:\/\/mountainsaharatreks.com\/fr\/wp-json\/wp\/v2\/pages"}],"about":[{"href":"https:\/\/mountainsaharatreks.com\/fr\/wp-json\/wp\/v2\/types\/page"}],"author":[{"embeddable":true,"href":"https:\/\/mountainsaharatreks.com\/fr\/wp-json\/wp\/v2\/users\/1"}],"replies":[{"embeddable":true,"href":"https:\/\/mountainsaharatreks.com\/fr\/wp-json\/wp\/v2\/comments?post=1381"}],"version-history":[{"count":8,"href":"https:\/\/mountainsaharatreks.com\/fr\/wp-json\/wp\/v2\/pages\/1381\/revisions"}],"predecessor-version":[{"id":1833,"href":"https:\/\/mountainsaharatreks.com\/fr\/wp-json\/wp\/v2\/pages\/1381\/revisions\/1833"}],"wp:featuredmedia":[{"embeddable":true,"href":"https:\/\/mountainsaharatreks.com\/fr\/wp-json\/wp\/v2\/media\/1386"}],"wp:attachment":[{"href":"https:\/\/mountainsaharatreks.com\/fr\/wp-json\/wp\/v2\/media?parent=1381"}],"curies":[{"name":"wp","href":"https:\/\/api.w.org\/{rel}","templated":true}]}}