{"id":1183,"date":"2023-01-15T23:14:30","date_gmt":"2023-01-15T22:14:30","guid":{"rendered":"https:\/\/azdourtour.com\/?page_id=1183"},"modified":"2025-02-26T15:08:23","modified_gmt":"2025-02-26T15:08:23","slug":"mountain-sahara-treks-team","status":"publish","type":"page","link":"https:\/\/mountainsaharatreks.com\/fr\/mountain-sahara-treks-team\/","title":{"rendered":"Qui sommes-nous"},"content":{"rendered":"<h3><span style=\"color: #000000;\">Bienvenue chez Mountain Sahara Treks !<\/span><\/h3>\n<p><span style=\"color: #000000;\">Nous sommes une entreprise familiale avec une riche h\u00e9ritage dans la guide et l&rsquo;organisation des aventures en plein air.<\/span><\/p>\n<h3><span style=\"color: #000000;\">Explorez les Grands Espaces avec Notre H\u00e9ritage Familial \u00ab Azdour \u00bb<\/span><\/h3>\n<figure id=\"attachment_1075\" aria-describedby=\"caption-attachment-1075\" style=\"width: 200px\" class=\"wp-caption alignright\"><img loading=\"lazy\" decoding=\"async\" class=\"wp-image-1075 size-medium\" src=\"https:\/\/azdourtour.com\/wp-content\/uploads\/2017\/10\/brahim-Azdour-200x300.jpg\" alt=\"Azdour Tour mountain sahara treks \" width=\"200\" height=\"300\" srcset=\"https:\/\/mountainsaharatreks.com\/fr\/wp-content\/uploads\/2017\/10\/brahim-Azdour-200x300.jpg 200w, https:\/\/mountainsaharatreks.com\/fr\/wp-content\/uploads\/2017\/10\/brahim-Azdour.jpg 266w\" sizes=\"auto, (max-width: 200px) 100vw, 200px\" \/><figcaption id=\"caption-attachment-1075\" class=\"wp-caption-text\">Mr Brahim Azdour<\/figcaption><\/figure>\n<p><span style=\"color: #000000;\">&nbsp;\u00ab\u00a0Mountain Sahara Treks\u00a0\u00bb Notre aventure a commenc\u00e9 avec le grand-p\u00e8re Lahcen Azdour, le pionnier qui a pos\u00e9 les bases de notre entreprise.<\/span><\/p>\n<h3><span style=\"color: #000000;\"><a href=\"https:\/\/web.facebook.com\/brahim.azdour.1\">Poursuivre l\u2019H\u00e9ritage : Pr\u00e9sentation de Brahim Azdour <\/a><\/span><\/h3>\n<p><span style=\"color: #000000;\">Suivant les traces de son p\u00e8re, Brahim Azdour a pris la rel\u00e8ve et a continu\u00e9 l&rsquo;h\u00e9ritage.<\/span><\/p>\n<h3><span style=\"color: #000000;\">D\u00e9couvrez l\u2019Excellence : Pr\u00e9sentation de Youssef Azdour, la Troisi\u00e8me G\u00e9n\u00e9ration d\u2019Aventurier Aujourd&rsquo;hui,<\/span><\/h3>\n<p><span style=\"color: #000000;\">&nbsp; nous sommes fiers de vous pr\u00e9senter la troisi\u00e8me g\u00e9n\u00e9ration de notre famille, Youssef Azdour.<\/span><\/p>\n<figure id=\"attachment_1375\" aria-describedby=\"caption-attachment-1375\" style=\"width: 225px\" class=\"wp-caption alignleft\"><img loading=\"lazy\" decoding=\"async\" class=\"wp-image-1375 size-medium\" src=\"https:\/\/azdourtour.com\/wp-content\/uploads\/2023\/06\/WhatsApp-Image-2023-06-18-at-00.10.00-225x300.jpeg\" alt=\"Azdour tour\" width=\"225\" height=\"300\" srcset=\"https:\/\/mountainsaharatreks.com\/fr\/wp-content\/uploads\/2023\/06\/WhatsApp-Image-2023-06-18-at-00.10.00-225x300.jpeg 225w, https:\/\/mountainsaharatreks.com\/fr\/wp-content\/uploads\/2023\/06\/WhatsApp-Image-2023-06-18-at-00.10.00-600x800.jpeg 600w, https:\/\/mountainsaharatreks.com\/fr\/wp-content\/uploads\/2023\/06\/WhatsApp-Image-2023-06-18-at-00.10.00.jpeg 768w\" sizes=\"auto, (max-width: 225px) 100vw, 225px\" \/><figcaption id=\"caption-attachment-1375\" class=\"wp-caption-text\">Mr. Youssef Azdour<\/figcaption><\/figure>\n<h3>\u00ab\u00a0Mountain Sahara Treks\u00a0\u00bb Guides Experts<\/h3>\n<p><span style=\"color: #000000;\">Exp\u00e9riences Inoubliables Notre \u00e9quipe se compose de professionnels exp\u00e9riment\u00e9s qui poss\u00e8dent une vaste connaissance et expertise dans tous types de randonn\u00e9es et treks.<\/span><\/p>\n<h3><span style=\"color: #000000;\">Pour Tous les Aventuriers Chez nous<\/span><\/h3>\n<p><span style=\"color: #000000;\">&nbsp;nous croyons que l&rsquo;aventure n&rsquo;a pas de limites. C&rsquo;est pourquoi nous offrons une gamme diversifi\u00e9e de services pour r\u00e9pondre \u00e0 tous les types d&rsquo;aventuriers.<\/span><\/p>\n<h3>Votre s\u00e9curit\u00e9 et votre satisfaction sont nos priorit\u00e9s absolues<\/h3>\n<p>en fait, elles sont indispensables pour nous, Chaque voyage que nous organisons est m\u00e9ticuleusement planifi\u00e9 et ex\u00e9cut\u00e9 pour vous garantir une exp\u00e9rience agr\u00e9able et s\u00fbre.<\/p>\n<h3><span style=\"color: #000000;\">Commencez Votre Prochaine Aventure Passionnante avec \u00ab Mountain Sahara Treks \u00bb <\/span><\/h3>\n<p><span style=\"color: #000000;\">Contactez-nous aujourd&rsquo;hui pour d\u00e9buter votre prochaine aventure passionnante en plein air. Nous avons h\u00e2te d&rsquo;\u00eatre vos compagnons de confiance dans ce voyage incroyable<\/span><\/p>\n","protected":false},"excerpt":{"rendered":"<p>Bienvenue chez Mountain Sahara Treks ! Nous sommes une entreprise familiale avec une riche h\u00e9ritage dans la guide et l&rsquo;organisation des aventures en plein air. Explorez les Grands Espaces avec Notre H\u00e9ritage Familial \u00ab Azdour \u00bb &nbsp;\u00ab\u00a0Mountain Sahara Treks\u00a0\u00bb Notre aventure a commenc\u00e9 avec le grand-p\u00e8re Lahcen Azdour, le pionnier qui a pos\u00e9 les bases [&hellip;]<\/p>\n","protected":false},"author":13,"featured_media":1055,"parent":0,"menu_order":0,"comment_status":"closed","ping_status":"closed","template":"page-templates\/fullwidth.php","meta":{"ngg_post_thumbnail":0,"two_page_speed":[],"footnotes":""},"class_list":["post-1183","page","type-page","status-publish","has-post-thumbnail","hentry"],"yoast_head":"<!-- This site is optimized with the Yoast SEO plugin v27.5 - https:\/\/yoast.com\/product\/yoast-seo-wordpress\/ -->\n<title>Qui sommes-nous | Azdour Tour<\/title>\n<meta name=\"description\" content=\"Unleash your outdoor adventure with &#039;Azdour Tour&#039;. Expert guides, diverse services, unforgettable experiences. Start your journey today!\" \/>\n<meta name=\"robots\" content=\"index, follow, max-snippet:-1, max-image-preview:large, max-video-preview:-1\" \/>\n<link rel=\"canonical\" href=\"https:\/\/mountainsaharatreks.com\/fr\/mountain-sahara-treks-team\/\" \/>\n<meta property=\"og:locale\" content=\"fr_FR\" \/>\n<meta property=\"og:type\" content=\"article\" \/>\n<meta property=\"og:title\" content=\"Qui sommes-nous | Azdour Tour\" \/>\n<meta property=\"og:description\" content=\"Unleash your outdoor adventure with &#039;Azdour Tour&#039;. Expert guides, diverse services, unforgettable experiences. Start your journey today!\" \/>\n<meta property=\"og:url\" content=\"https:\/\/mountainsaharatreks.com\/fr\/mountain-sahara-treks-team\/\" \/>\n<meta property=\"og:site_name\" content=\"Mountain sahara treks\" \/>\n<meta property=\"article:publisher\" content=\"https:\/\/web.facebook.com\/mountainsaharatreks\" \/>\n<meta property=\"article:modified_time\" content=\"2025-02-26T15:08:23+00:00\" \/>\n<meta property=\"og:image\" content=\"https:\/\/mountainsaharatreks.com\/fr\/wp-content\/uploads\/2020\/12\/114242509_CN1A6064-scaled.jpg\" \/>\n\t<meta property=\"og:image:width\" content=\"2560\" \/>\n\t<meta property=\"og:image:height\" content=\"1706\" \/>\n\t<meta property=\"og:image:type\" content=\"image\/jpeg\" \/>\n<meta name=\"twitter:card\" content=\"summary_large_image\" \/>\n<meta name=\"twitter:label1\" content=\"Dur\u00e9e de lecture estim\u00e9e\" \/>\n\t<meta name=\"twitter:data1\" content=\"2 minutes\" \/>\n<script type=\"application\/ld+json\" class=\"yoast-schema-graph\">{\"@context\":\"https:\\\/\\\/schema.org\",\"@graph\":[{\"@type\":\"WebPage\",\"@id\":\"https:\\\/\\\/mountainsaharatreks.com\\\/fr\\\/mountain-sahara-treks-team\\\/\",\"url\":\"https:\\\/\\\/mountainsaharatreks.com\\\/fr\\\/mountain-sahara-treks-team\\\/\",\"name\":\"Qui sommes-nous | Azdour Tour\",\"isPartOf\":{\"@id\":\"https:\\\/\\\/mountainsaharatreks.com\\\/fr\\\/#website\"},\"primaryImageOfPage\":{\"@id\":\"https:\\\/\\\/mountainsaharatreks.com\\\/fr\\\/mountain-sahara-treks-team\\\/#primaryimage\"},\"image\":{\"@id\":\"https:\\\/\\\/mountainsaharatreks.com\\\/fr\\\/mountain-sahara-treks-team\\\/#primaryimage\"},\"thumbnailUrl\":\"https:\\\/\\\/mountainsaharatreks.com\\\/fr\\\/wp-content\\\/uploads\\\/2020\\\/12\\\/114242509_CN1A6064-scaled.jpg\",\"datePublished\":\"2023-01-15T22:14:30+00:00\",\"dateModified\":\"2025-02-26T15:08:23+00:00\",\"description\":\"Unleash your outdoor adventure with 'Azdour Tour'. Expert guides, diverse services, unforgettable experiences. Start your journey today!\",\"breadcrumb\":{\"@id\":\"https:\\\/\\\/mountainsaharatreks.com\\\/fr\\\/mountain-sahara-treks-team\\\/#breadcrumb\"},\"inLanguage\":\"fr-FR\",\"potentialAction\":[{\"@type\":\"ReadAction\",\"target\":[\"https:\\\/\\\/mountainsaharatreks.com\\\/fr\\\/mountain-sahara-treks-team\\\/\"]}]},{\"@type\":\"ImageObject\",\"inLanguage\":\"fr-FR\",\"@id\":\"https:\\\/\\\/mountainsaharatreks.com\\\/fr\\\/mountain-sahara-treks-team\\\/#primaryimage\",\"url\":\"https:\\\/\\\/mountainsaharatreks.com\\\/fr\\\/wp-content\\\/uploads\\\/2020\\\/12\\\/114242509_CN1A6064-scaled.jpg\",\"contentUrl\":\"https:\\\/\\\/mountainsaharatreks.com\\\/fr\\\/wp-content\\\/uploads\\\/2020\\\/12\\\/114242509_CN1A6064-scaled.jpg\",\"width\":2560,\"height\":1706},{\"@type\":\"BreadcrumbList\",\"@id\":\"https:\\\/\\\/mountainsaharatreks.com\\\/fr\\\/mountain-sahara-treks-team\\\/#breadcrumb\",\"itemListElement\":[{\"@type\":\"ListItem\",\"position\":1,\"name\":\"Accueil\",\"item\":\"https:\\\/\\\/mountainsaharatreks.com\\\/fr\\\/\"},{\"@type\":\"ListItem\",\"position\":2,\"name\":\"Qui sommes-nous\"}]},{\"@type\":\"WebSite\",\"@id\":\"https:\\\/\\\/mountainsaharatreks.com\\\/fr\\\/#website\",\"url\":\"https:\\\/\\\/mountainsaharatreks.com\\\/fr\\\/\",\"name\":\"Mountain Sahara Treks\",\"description\":\"Trekking au Maroc\",\"publisher\":{\"@id\":\"https:\\\/\\\/mountainsaharatreks.com\\\/fr\\\/#organization\"},\"potentialAction\":[{\"@type\":\"SearchAction\",\"target\":{\"@type\":\"EntryPoint\",\"urlTemplate\":\"https:\\\/\\\/mountainsaharatreks.com\\\/fr\\\/?s={search_term_string}\"},\"query-input\":{\"@type\":\"PropertyValueSpecification\",\"valueRequired\":true,\"valueName\":\"search_term_string\"}}],\"inLanguage\":\"fr-FR\"},{\"@type\":\"Organization\",\"@id\":\"https:\\\/\\\/mountainsaharatreks.com\\\/fr\\\/#organization\",\"name\":\"MountainSaharaTreks\",\"url\":\"https:\\\/\\\/mountainsaharatreks.com\\\/fr\\\/\",\"logo\":{\"@type\":\"ImageObject\",\"inLanguage\":\"fr-FR\",\"@id\":\"https:\\\/\\\/mountainsaharatreks.com\\\/fr\\\/#\\\/schema\\\/logo\\\/image\\\/\",\"url\":\"https:\\\/\\\/mountainsaharatreks.com\\\/fr\\\/wp-content\\\/uploads\\\/2020\\\/11\\\/cropped-cropped-cropped-logo-mount-deflt-1.png\",\"contentUrl\":\"https:\\\/\\\/mountainsaharatreks.com\\\/fr\\\/wp-content\\\/uploads\\\/2020\\\/11\\\/cropped-cropped-cropped-logo-mount-deflt-1.png\",\"width\":168,\"height\":100,\"caption\":\"MountainSaharaTreks\"},\"image\":{\"@id\":\"https:\\\/\\\/mountainsaharatreks.com\\\/fr\\\/#\\\/schema\\\/logo\\\/image\\\/\"},\"sameAs\":[\"https:\\\/\\\/web.facebook.com\\\/mountainsaharatreks\"]}]}<\/script>\n<!-- \/ Yoast SEO plugin. -->","yoast_head_json":{"title":"Qui sommes-nous | Azdour Tour","description":"Unleash your outdoor adventure with 'Azdour Tour'. Expert guides, diverse services, unforgettable experiences. Start your journey today!","robots":{"index":"index","follow":"follow","max-snippet":"max-snippet:-1","max-image-preview":"max-image-preview:large","max-video-preview":"max-video-preview:-1"},"canonical":"https:\/\/mountainsaharatreks.com\/fr\/mountain-sahara-treks-team\/","og_locale":"fr_FR","og_type":"article","og_title":"Qui sommes-nous | Azdour Tour","og_description":"Unleash your outdoor adventure with 'Azdour Tour'. Expert guides, diverse services, unforgettable experiences. Start your journey today!","og_url":"https:\/\/mountainsaharatreks.com\/fr\/mountain-sahara-treks-team\/","og_site_name":"Mountain sahara treks","article_publisher":"https:\/\/web.facebook.com\/mountainsaharatreks","article_modified_time":"2025-02-26T15:08:23+00:00","og_image":[{"width":2560,"height":1706,"url":"https:\/\/mountainsaharatreks.com\/fr\/wp-content\/uploads\/2020\/12\/114242509_CN1A6064-scaled.jpg","type":"image\/jpeg"}],"twitter_card":"summary_large_image","twitter_misc":{"Dur\u00e9e de lecture estim\u00e9e":"2 minutes"},"schema":{"@context":"https:\/\/schema.org","@graph":[{"@type":"WebPage","@id":"https:\/\/mountainsaharatreks.com\/fr\/mountain-sahara-treks-team\/","url":"https:\/\/mountainsaharatreks.com\/fr\/mountain-sahara-treks-team\/","name":"Qui sommes-nous | Azdour Tour","isPartOf":{"@id":"https:\/\/mountainsaharatreks.com\/fr\/#website"},"primaryImageOfPage":{"@id":"https:\/\/mountainsaharatreks.com\/fr\/mountain-sahara-treks-team\/#primaryimage"},"image":{"@id":"https:\/\/mountainsaharatreks.com\/fr\/mountain-sahara-treks-team\/#primaryimage"},"thumbnailUrl":"https:\/\/mountainsaharatreks.com\/fr\/wp-content\/uploads\/2020\/12\/114242509_CN1A6064-scaled.jpg","datePublished":"2023-01-15T22:14:30+00:00","dateModified":"2025-02-26T15:08:23+00:00","description":"Unleash your outdoor adventure with 'Azdour Tour'. Expert guides, diverse services, unforgettable experiences. Start your journey today!","breadcrumb":{"@id":"https:\/\/mountainsaharatreks.com\/fr\/mountain-sahara-treks-team\/#breadcrumb"},"inLanguage":"fr-FR","potentialAction":[{"@type":"ReadAction","target":["https:\/\/mountainsaharatreks.com\/fr\/mountain-sahara-treks-team\/"]}]},{"@type":"ImageObject","inLanguage":"fr-FR","@id":"https:\/\/mountainsaharatreks.com\/fr\/mountain-sahara-treks-team\/#primaryimage","url":"https:\/\/mountainsaharatreks.com\/fr\/wp-content\/uploads\/2020\/12\/114242509_CN1A6064-scaled.jpg","contentUrl":"https:\/\/mountainsaharatreks.com\/fr\/wp-content\/uploads\/2020\/12\/114242509_CN1A6064-scaled.jpg","width":2560,"height":1706},{"@type":"BreadcrumbList","@id":"https:\/\/mountainsaharatreks.com\/fr\/mountain-sahara-treks-team\/#breadcrumb","itemListElement":[{"@type":"ListItem","position":1,"name":"Accueil","item":"https:\/\/mountainsaharatreks.com\/fr\/"},{"@type":"ListItem","position":2,"name":"Qui sommes-nous"}]},{"@type":"WebSite","@id":"https:\/\/mountainsaharatreks.com\/fr\/#website","url":"https:\/\/mountainsaharatreks.com\/fr\/","name":"Mountain Sahara Treks","description":"Trekking au Maroc","publisher":{"@id":"https:\/\/mountainsaharatreks.com\/fr\/#organization"},"potentialAction":[{"@type":"SearchAction","target":{"@type":"EntryPoint","urlTemplate":"https:\/\/mountainsaharatreks.com\/fr\/?s={search_term_string}"},"query-input":{"@type":"PropertyValueSpecification","valueRequired":true,"valueName":"search_term_string"}}],"inLanguage":"fr-FR"},{"@type":"Organization","@id":"https:\/\/mountainsaharatreks.com\/fr\/#organization","name":"MountainSaharaTreks","url":"https:\/\/mountainsaharatreks.com\/fr\/","logo":{"@type":"ImageObject","inLanguage":"fr-FR","@id":"https:\/\/mountainsaharatreks.com\/fr\/#\/schema\/logo\/image\/","url":"https:\/\/mountainsaharatreks.com\/fr\/wp-content\/uploads\/2020\/11\/cropped-cropped-cropped-logo-mount-deflt-1.png","contentUrl":"https:\/\/mountainsaharatreks.com\/fr\/wp-content\/uploads\/2020\/11\/cropped-cropped-cropped-logo-mount-deflt-1.png","width":168,"height":100,"caption":"MountainSaharaTreks"},"image":{"@id":"https:\/\/mountainsaharatreks.com\/fr\/#\/schema\/logo\/image\/"},"sameAs":["https:\/\/web.facebook.com\/mountainsaharatreks"]}]}},"_links":{"self":[{"href":"https:\/\/mountainsaharatreks.com\/fr\/wp-json\/wp\/v2\/pages\/1183","targetHints":{"allow":["GET"]}}],"collection":[{"href":"https:\/\/mountainsaharatreks.com\/fr\/wp-json\/wp\/v2\/pages"}],"about":[{"href":"https:\/\/mountainsaharatreks.com\/fr\/wp-json\/wp\/v2\/types\/page"}],"author":[{"embeddable":true,"href":"https:\/\/mountainsaharatreks.com\/fr\/wp-json\/wp\/v2\/users\/13"}],"replies":[{"embeddable":true,"href":"https:\/\/mountainsaharatreks.com\/fr\/wp-json\/wp\/v2\/comments?post=1183"}],"version-history":[{"count":22,"href":"https:\/\/mountainsaharatreks.com\/fr\/wp-json\/wp\/v2\/pages\/1183\/revisions"}],"predecessor-version":[{"id":1837,"href":"https:\/\/mountainsaharatreks.com\/fr\/wp-json\/wp\/v2\/pages\/1183\/revisions\/1837"}],"wp:featuredmedia":[{"embeddable":true,"href":"https:\/\/mountainsaharatreks.com\/fr\/wp-json\/wp\/v2\/media\/1055"}],"wp:attachment":[{"href":"https:\/\/mountainsaharatreks.com\/fr\/wp-json\/wp\/v2\/media?parent=1183"}],"curies":[{"name":"wp","href":"https:\/\/api.w.org\/{rel}","templated":true}]}}